{"id":321,"date":"2024-08-01T07:36:06","date_gmt":"2024-08-01T05:36:06","guid":{"rendered":"https:\/\/nubarch.com\/sobre-nosotros\/"},"modified":"2024-09-11T18:05:48","modified_gmt":"2024-09-11T16:05:48","slug":"sobre-nosotros","status":"publish","type":"page","link":"https:\/\/nubarch.com\/en\/sobre-nosotros\/","title":{"rendered":"About us"},"content":{"rendered":"","protected":false},"excerpt":{"rendered":"","protected":false},"author":1,"featured_media":0,"parent":0,"menu_order":0,"comment_status":"closed","ping_status":"closed","template":"","meta":{"_acf_changed":false,"_uag_custom_page_level_css":"","_joinchat":{"telephone":"+34678241298"},"footnotes":""},"class_list":["post-321","page","type-page","status-publish","hentry"],"acf":[],"yoast_head":"<!-- This site is optimized with the Yoast SEO plugin v27.5 - https:\/\/yoast.com\/product\/yoast-seo-wordpress\/ -->\n<title>About us - Nubarch<\/title>\n<meta name=\"description\" content=\"Equipo de profesionales con experiencia en levantamientos topogr\u00e1ficos y arquitect\u00f3nicos a trav\u00e9s de nubes de puntos.\" \/>\n<meta name=\"robots\" content=\"index, follow, max-snippet:-1, max-image-preview:large, max-video-preview:-1\" \/>\n<link rel=\"canonical\" href=\"https:\/\/nubarch.com\/en\/sobre-nosotros\/\" \/>\n<meta property=\"og:locale\" content=\"en_US\" \/>\n<meta property=\"og:type\" content=\"article\" \/>\n<meta property=\"og:title\" content=\"About us - Nubarch\" \/>\n<meta property=\"og:description\" content=\"Equipo de profesionales con experiencia en levantamientos topogr\u00e1ficos y arquitect\u00f3nicos a trav\u00e9s de nubes de puntos.\" \/>\n<meta property=\"og:url\" content=\"https:\/\/nubarch.com\/en\/sobre-nosotros\/\" \/>\n<meta property=\"og:site_name\" content=\"Nubarch\" \/>\n<meta property=\"article:modified_time\" content=\"2024-09-11T16:05:48+00:00\" \/>\n<meta name=\"twitter:card\" content=\"summary_large_image\" \/>\n<script type=\"application\/ld+json\" class=\"yoast-schema-graph\">{\"@context\":\"https:\\\/\\\/schema.org\",\"@graph\":[{\"@type\":\"WebPage\",\"@id\":\"https:\\\/\\\/nubarch.com\\\/en\\\/sobre-nosotros\\\/\",\"url\":\"https:\\\/\\\/nubarch.com\\\/en\\\/sobre-nosotros\\\/\",\"name\":\"About us - Nubarch\",\"isPartOf\":{\"@id\":\"https:\\\/\\\/nubarch.com\\\/en\\\/#website\"},\"datePublished\":\"2024-08-01T05:36:06+00:00\",\"dateModified\":\"2024-09-11T16:05:48+00:00\",\"description\":\"Equipo de profesionales con experiencia en levantamientos topogr\u00e1ficos y arquitect\u00f3nicos a trav\u00e9s de nubes de puntos.\",\"breadcrumb\":{\"@id\":\"https:\\\/\\\/nubarch.com\\\/en\\\/sobre-nosotros\\\/#breadcrumb\"},\"inLanguage\":\"en-US\",\"potentialAction\":[{\"@type\":\"ReadAction\",\"target\":[\"https:\\\/\\\/nubarch.com\\\/en\\\/sobre-nosotros\\\/\"]}]},{\"@type\":\"BreadcrumbList\",\"@id\":\"https:\\\/\\\/nubarch.com\\\/en\\\/sobre-nosotros\\\/#breadcrumb\",\"itemListElement\":[{\"@type\":\"ListItem\",\"position\":1,\"name\":\"Portada\",\"item\":\"https:\\\/\\\/nubarch.com\\\/en\\\/\"},{\"@type\":\"ListItem\",\"position\":2,\"name\":\"About us\"}]},{\"@type\":\"WebSite\",\"@id\":\"https:\\\/\\\/nubarch.com\\\/en\\\/#website\",\"url\":\"https:\\\/\\\/nubarch.com\\\/en\\\/\",\"name\":\"Nubarch\",\"description\":\"Scan to BIM\",\"potentialAction\":[{\"@type\":\"SearchAction\",\"target\":{\"@type\":\"EntryPoint\",\"urlTemplate\":\"https:\\\/\\\/nubarch.com\\\/en\\\/?s={search_term_string}\"},\"query-input\":{\"@type\":\"PropertyValueSpecification\",\"valueRequired\":true,\"valueName\":\"search_term_string\"}}],\"inLanguage\":\"en-US\"}]}<\/script>\n<!-- \/ Yoast SEO plugin. -->","yoast_head_json":{"title":"About us - Nubarch","description":"Equipo de profesionales con experiencia en levantamientos topogr\u00e1ficos y arquitect\u00f3nicos a trav\u00e9s de nubes de puntos.","robots":{"index":"index","follow":"follow","max-snippet":"max-snippet:-1","max-image-preview":"max-image-preview:large","max-video-preview":"max-video-preview:-1"},"canonical":"https:\/\/nubarch.com\/en\/sobre-nosotros\/","og_locale":"en_US","og_type":"article","og_title":"About us - Nubarch","og_description":"Equipo de profesionales con experiencia en levantamientos topogr\u00e1ficos y arquitect\u00f3nicos a trav\u00e9s de nubes de puntos.","og_url":"https:\/\/nubarch.com\/en\/sobre-nosotros\/","og_site_name":"Nubarch","article_modified_time":"2024-09-11T16:05:48+00:00","twitter_card":"summary_large_image","schema":{"@context":"https:\/\/schema.org","@graph":[{"@type":"WebPage","@id":"https:\/\/nubarch.com\/en\/sobre-nosotros\/","url":"https:\/\/nubarch.com\/en\/sobre-nosotros\/","name":"About us - Nubarch","isPartOf":{"@id":"https:\/\/nubarch.com\/en\/#website"},"datePublished":"2024-08-01T05:36:06+00:00","dateModified":"2024-09-11T16:05:48+00:00","description":"Equipo de profesionales con experiencia en levantamientos topogr\u00e1ficos y arquitect\u00f3nicos a trav\u00e9s de nubes de puntos.","breadcrumb":{"@id":"https:\/\/nubarch.com\/en\/sobre-nosotros\/#breadcrumb"},"inLanguage":"en-US","potentialAction":[{"@type":"ReadAction","target":["https:\/\/nubarch.com\/en\/sobre-nosotros\/"]}]},{"@type":"BreadcrumbList","@id":"https:\/\/nubarch.com\/en\/sobre-nosotros\/#breadcrumb","itemListElement":[{"@type":"ListItem","position":1,"name":"Portada","item":"https:\/\/nubarch.com\/en\/"},{"@type":"ListItem","position":2,"name":"About us"}]},{"@type":"WebSite","@id":"https:\/\/nubarch.com\/en\/#website","url":"https:\/\/nubarch.com\/en\/","name":"Nubarch","description":"Scan to BIM","potentialAction":[{"@type":"SearchAction","target":{"@type":"EntryPoint","urlTemplate":"https:\/\/nubarch.com\/en\/?s={search_term_string}"},"query-input":{"@type":"PropertyValueSpecification","valueRequired":true,"valueName":"search_term_string"}}],"inLanguage":"en-US"}]}},"uagb_featured_image_src":{"full":false,"thumbnail":false,"medium":false,"medium_large":false,"large":false,"1536x1536":false,"2048x2048":false},"uagb_author_info":{"display_name":"nubarch","author_link":"https:\/\/nubarch.com\/en\/author\/nubarch\/"},"uagb_comment_info":0,"uagb_excerpt":null,"_links":{"self":[{"href":"https:\/\/nubarch.com\/en\/wp-json\/wp\/v2\/pages\/321","targetHints":{"allow":["GET"]}}],"collection":[{"href":"https:\/\/nubarch.com\/en\/wp-json\/wp\/v2\/pages"}],"about":[{"href":"https:\/\/nubarch.com\/en\/wp-json\/wp\/v2\/types\/page"}],"author":[{"embeddable":true,"href":"https:\/\/nubarch.com\/en\/wp-json\/wp\/v2\/users\/1"}],"replies":[{"embeddable":true,"href":"https:\/\/nubarch.com\/en\/wp-json\/wp\/v2\/comments?post=321"}],"version-history":[{"count":1,"href":"https:\/\/nubarch.com\/en\/wp-json\/wp\/v2\/pages\/321\/revisions"}],"predecessor-version":[{"id":385,"href":"https:\/\/nubarch.com\/en\/wp-json\/wp\/v2\/pages\/321\/revisions\/385"}],"wp:attachment":[{"href":"https:\/\/nubarch.com\/en\/wp-json\/wp\/v2\/media?parent=321"}],"curies":[{"name":"wp","href":"https:\/\/api.w.org\/{rel}","templated":true}]}}